{"id":7,"date":"2021-10-18T17:58:58","date_gmt":"2021-10-18T15:58:58","guid":{"rendered":"http:\/\/mariage-de-lolotte-et-vivi.fr\/?page_id=7"},"modified":"2021-11-28T19:41:00","modified_gmt":"2021-11-28T18:41:00","slug":"a-propos-de","status":"publish","type":"page","link":"https:\/\/mariage-de-lolotte-et-vivi.fr\/?page_id=7","title":{"rendered":"H\u00e9bergements \u00e0 proximit\u00e9s"},"content":{"rendered":"\n<p>Voici une liste \u00e0 titre indicatif des h\u00e9bergements \u00e0 proximit\u00e9, nous vous invitons \u00e0 cliquer !<br><br>\ud83d\udc47\ud83d\udc47\ud83d\udc47<br><br><a rel=\"noreferrer noopener\" href=\"https:\/\/airbnb.fr\" data-type=\"URL\" data-id=\"https:\/\/airbnb.fr\" target=\"_blank\">Airbnb<\/a><br><a rel=\"noreferrer noopener\" href=\"https:\/\/www.booking.com\/\" data-type=\"URL\" data-id=\"https:\/\/www.booking.com\/\" target=\"_blank\">Booking<\/a><br><a rel=\"noreferrer noopener\" href=\"https:\/\/www.google.fr\/maps\/search\/chambre+d'h%C3%B4tes+near+Les+Arcs+-+Draguignan,+Les+Arcs\/@43.4535997,6.4216229,13z\/data=!3m1!4b1\" data-type=\"URL\" data-id=\"https:\/\/www.google.fr\/maps\/search\/chambre+d'h%C3%B4tes+near+Les+Arcs+-+Draguignan,+Les+Arcs\/@43.4535997,6.4216229,13z\/data=!3m1!4b1\" target=\"_blank\">Chambres d&rsquo;h\u00f4tes \u00e0 proximit\u00e9<\/a><br><a rel=\"noreferrer noopener\" href=\"https:\/\/www.google.fr\/maps\/search\/camping+near+Les+Arcs+-+Draguignan,+Les+Arcs\/@43.4538275,6.4216229,13z\/data=!3m1!4b1\" data-type=\"URL\" data-id=\"https:\/\/www.google.fr\/maps\/search\/camping+near+Les+Arcs+-+Draguignan,+Les+Arcs\/@43.4538275,6.4216229,13z\/data=!3m1!4b1\" target=\"_blank\">Campings \u00e0 proximit\u00e9<\/a><br><a href=\"http:\/\/mariage-de-lolotte-et-vivi.fr\/wp-content\/uploads\/2021\/11\/he\u0301bergements-proches-1.pdf\" data-type=\"URL\" data-id=\"http:\/\/mariage-de-lolotte-et-vivi.fr\/wp-content\/uploads\/2021\/11\/he\u0301bergements-proches-1.pdf\">Propositions du ch\u00e2teau<\/a><br><\/p>\n","protected":false},"excerpt":{"rendered":"<p>Voici une liste \u00e0 titre indicatif des h\u00e9bergements \u00e0 proximit\u00e9, nous vous invitons \u00e0 cliquer ! \ud83d\udc47\ud83d\udc47\ud83d\udc47 AirbnbBookingChambres d&rsquo;h\u00f4tes \u00e0 proximit\u00e9Campings \u00e0 proximit\u00e9Propositions du ch\u00e2teau<\/p>\n","protected":false},"author":1,"featured_media":0,"parent":0,"menu_order":0,"comment_status":"closed","ping_status":"closed","template":"","meta":[],"_links":{"self":[{"href":"https:\/\/mariage-de-lolotte-et-vivi.fr\/index.php?rest_route=\/wp\/v2\/pages\/7"}],"collection":[{"href":"https:\/\/mariage-de-lolotte-et-vivi.fr\/index.php?rest_route=\/wp\/v2\/pages"}],"about":[{"href":"https:\/\/mariage-de-lolotte-et-vivi.fr\/index.php?rest_route=\/wp\/v2\/types\/page"}],"author":[{"embeddable":true,"href":"https:\/\/mariage-de-lolotte-et-vivi.fr\/index.php?rest_route=\/wp\/v2\/users\/1"}],"replies":[{"embeddable":true,"href":"https:\/\/mariage-de-lolotte-et-vivi.fr\/index.php?rest_route=%2Fwp%2Fv2%2Fcomments&post=7"}],"version-history":[{"count":6,"href":"https:\/\/mariage-de-lolotte-et-vivi.fr\/index.php?rest_route=\/wp\/v2\/pages\/7\/revisions"}],"predecessor-version":[{"id":120,"href":"https:\/\/mariage-de-lolotte-et-vivi.fr\/index.php?rest_route=\/wp\/v2\/pages\/7\/revisions\/120"}],"wp:attachment":[{"href":"https:\/\/mariage-de-lolotte-et-vivi.fr\/index.php?rest_route=%2Fwp%2Fv2%2Fmedia&parent=7"}],"curies":[{"name":"wp","href":"https:\/\/api.w.org\/{rel}","templated":true}]}}