{"id":64,"date":"2021-10-23T19:53:53","date_gmt":"2021-10-23T17:53:53","guid":{"rendered":"http:\/\/mariage-de-lolotte-et-vivi.fr\/?page_id=64"},"modified":"2021-11-28T19:11:48","modified_gmt":"2021-11-28T18:11:48","slug":"deroulement","status":"publish","type":"page","link":"https:\/\/mariage-de-lolotte-et-vivi.fr\/?page_id=64","title":{"rendered":"D\u00e9roulement"},"content":{"rendered":"\n<p>Les horaires indiqu\u00e9s ci-dessous peuvent \u00eatre amen\u00e9s \u00e0 \u00e9voluer !<\/p>\n","protected":false},"excerpt":{"rendered":"<p>Les horaires indiqu\u00e9s ci-dessous peuvent \u00eatre amen\u00e9s \u00e0 \u00e9voluer !<\/p>\n","protected":false},"author":1,"featured_media":0,"parent":0,"menu_order":0,"comment_status":"closed","ping_status":"closed","template":"","meta":[],"_links":{"self":[{"href":"https:\/\/mariage-de-lolotte-et-vivi.fr\/index.php?rest_route=\/wp\/v2\/pages\/64"}],"collection":[{"href":"https:\/\/mariage-de-lolotte-et-vivi.fr\/index.php?rest_route=\/wp\/v2\/pages"}],"about":[{"href":"https:\/\/mariage-de-lolotte-et-vivi.fr\/index.php?rest_route=\/wp\/v2\/types\/page"}],"author":[{"embeddable":true,"href":"https:\/\/mariage-de-lolotte-et-vivi.fr\/index.php?rest_route=\/wp\/v2\/users\/1"}],"replies":[{"embeddable":true,"href":"https:\/\/mariage-de-lolotte-et-vivi.fr\/index.php?rest_route=%2Fwp%2Fv2%2Fcomments&post=64"}],"version-history":[{"count":2,"href":"https:\/\/mariage-de-lolotte-et-vivi.fr\/index.php?rest_route=\/wp\/v2\/pages\/64\/revisions"}],"predecessor-version":[{"id":107,"href":"https:\/\/mariage-de-lolotte-et-vivi.fr\/index.php?rest_route=\/wp\/v2\/pages\/64\/revisions\/107"}],"wp:attachment":[{"href":"https:\/\/mariage-de-lolotte-et-vivi.fr\/index.php?rest_route=%2Fwp%2Fv2%2Fmedia&parent=64"}],"curies":[{"name":"wp","href":"https:\/\/api.w.org\/{rel}","templated":true}]}}