{"id":14,"date":"2021-10-18T17:58:58","date_gmt":"2021-10-18T15:58:58","guid":{"rendered":"http:\/\/mariage-de-lolotte-et-vivi.fr\/?page_id=14"},"modified":"2022-06-07T23:56:54","modified_gmt":"2022-06-07T21:56:54","slug":"accueil","status":"publish","type":"page","link":"https:\/\/mariage-de-lolotte-et-vivi.fr\/","title":{"rendered":"Accueil"},"content":{"rendered":"\n<p>Bienvenue !<\/p>\n\n\n\n<p class=\"has-text-align-left\">Vous trouverez toutes les petites informations utiles sur notre site !<br><br><\/p>\n\n\n\n<p><strong>Informations importantes :<\/strong><br><br>\u25c9 Si le soleil est avec nous, le d\u00eener se d\u00e9roulera en ext\u00e9rieur, pr\u00e9voyez donc une petite veste !<br><br>\u25c9 Si vous d\u00e9sirez nous faire un cadeau de mariage, sachez que nous n&rsquo;avons pas pr\u00e9vu de liste. Nous pr\u00e9f\u00e9rons un p&rsquo;tit coup de pouce pour le financement de notre voyage de noces : <strong><em>destination Bora Bora !!!!<\/em><\/strong> \ud83e\udd2a\ud83e\udd2a\u2708\ufe0f\u2708\ufe0f\u2708\ufe0f\ud83c\udfd6\ufe0f\ud83c\udfd6\ufe0f\ud83c\udfd6\ufe0f\ud83c\udfdd\ufe0f\ud83c\udfdd\ufe0f\ud83c\udfdd\ufe0f<br><br>\ud83d\ude4f\ud83d\ude4f\ud83d\ude4f\ud83d\ude4f\ud83d\ude4f\ud83d\ude4f<br><br>\u25c9 Le lieu du mariage dispose d&rsquo;un grand parking qui sera fl\u00e9ch\u00e9.<br><br>\u25c9 Concernant les photos, l&rsquo;ensemble des invit\u00e9s seront photographi\u00e9s directement apr\u00e8s la c\u00e9r\u00e9monie. Une seconde s\u00e9ance sera organis\u00e9e au Ch\u00e2teau Sainte-Roseline avant le vin d&rsquo;honneur. (Horaires pr\u00e9cis\u00e9s ult\u00e9rieurement).<br><br>\u25c9 La fin de la soir\u00e9e est pr\u00e9vue entre 3 heures et 4 heures du matin.<\/p>\n\n\n\n<p><br>Si vous avez encore des questions, nous seront tr\u00e8s heureux de vous apporter les pr\u00e9cisions n\u00e9cessaires.<br><br><br><br>Nous avons h\u00e2te de vous retrouver !!!<br><br>Lo\u00efse et Vivien <br><\/p>\n","protected":false},"excerpt":{"rendered":"<p>Bienvenue ! Vous trouverez toutes les petites informations utiles sur notre site ! Informations importantes : \u25c9 Si le soleil est avec nous, le d\u00eener se d\u00e9roulera en ext\u00e9rieur, pr\u00e9voyez<\/p>\n<p class=\"more-link\"><a href=\"https:\/\/mariage-de-lolotte-et-vivi.fr\/\" class=\"readmore\">Continue reading<svg class=\"icon icon-arrow-right\" aria-hidden=\"true\" role=\"img\"> <use href=\"#icon-arrow-right\" xlink:href=\"#icon-arrow-right\"><\/use> <\/svg><span class=\"screen-reader-text\">Accueil<\/span><\/a><\/p>\n","protected":false},"author":1,"featured_media":0,"parent":0,"menu_order":0,"comment_status":"closed","ping_status":"closed","template":"","meta":[],"_links":{"self":[{"href":"https:\/\/mariage-de-lolotte-et-vivi.fr\/index.php?rest_route=\/wp\/v2\/pages\/14"}],"collection":[{"href":"https:\/\/mariage-de-lolotte-et-vivi.fr\/index.php?rest_route=\/wp\/v2\/pages"}],"about":[{"href":"https:\/\/mariage-de-lolotte-et-vivi.fr\/index.php?rest_route=\/wp\/v2\/types\/page"}],"author":[{"embeddable":true,"href":"https:\/\/mariage-de-lolotte-et-vivi.fr\/index.php?rest_route=\/wp\/v2\/users\/1"}],"replies":[{"embeddable":true,"href":"https:\/\/mariage-de-lolotte-et-vivi.fr\/index.php?rest_route=%2Fwp%2Fv2%2Fcomments&post=14"}],"version-history":[{"count":12,"href":"https:\/\/mariage-de-lolotte-et-vivi.fr\/index.php?rest_route=\/wp\/v2\/pages\/14\/revisions"}],"predecessor-version":[{"id":137,"href":"https:\/\/mariage-de-lolotte-et-vivi.fr\/index.php?rest_route=\/wp\/v2\/pages\/14\/revisions\/137"}],"wp:attachment":[{"href":"https:\/\/mariage-de-lolotte-et-vivi.fr\/index.php?rest_route=%2Fwp%2Fv2%2Fmedia&parent=14"}],"curies":[{"name":"wp","href":"https:\/\/api.w.org\/{rel}","templated":true}]}}